{"id":601,"date":"2023-11-20T04:53:20","date_gmt":"2023-11-20T04:53:20","guid":{"rendered":"https:\/\/switalski.berlin\/?page_id=601"},"modified":"2024-02-08T07:05:56","modified_gmt":"2024-02-08T07:05:56","slug":"alexander-hartmann","status":"publish","type":"page","link":"https:\/\/switalski.berlin\/en\/alexander-hartmann","title":{"rendered":"Alexander HARTMANN"},"content":{"rendered":"[et_pb_section fb_built=&#8220;1&#8243; module_id=&#8220;dipi-particles-1 or dipi-particles-2&#8243; _builder_version=&#8220;4.21.0&#8243; _module_preset=&#8220;default&#8220; background_color=&#8220;#333d50&#8243; background_enable_image=&#8220;off&#8220; custom_padding=&#8220;||84px||false|false&#8220; global_colors_info=&#8220;{}&#8220;][et_pb_row custom_padding_last_edited=&#8220;on|tablet&#8220; _builder_version=&#8220;4.19.5&#8243; _module_preset=&#8220;default&#8220; width=&#8220;100%&#8220; max_width=&#8220;1410px&#8220; max_width_tablet=&#8220;315%&#8220; max_width_phone=&#8220;315%&#8220; max_width_last_edited=&#8220;on|tablet&#8220; custom_padding_tablet=&#8220;|30px||50px|false|false&#8220; custom_padding_phone=&#8220;|30px||50px|false|false&#8220; global_colors_info=&#8220;{}&#8220;][et_pb_column type=&#8220;4_4&#8243; _builder_version=&#8220;4.19.5&#8243; _module_preset=&#8220;default&#8220; global_colors_info=&#8220;{}&#8220;][et_pb_text _builder_version=&#8220;4.21.0&#8243; _module_preset=&#8220;default&#8220; header_2_font=&#8220;Poppins|700||on|||||&#8220; header_2_text_align=&#8220;center&#8220; header_2_text_color=&#8220;#FFFFFF&#8220; header_2_font_size=&#8220;38px&#8220; hover_enabled=&#8220;0&#8243; global_colors_info=&#8220;{}&#8220; sticky_enabled=&#8220;0&#8243;]<h2><span>ALEXANDER HARTMANN<\/span><\/h2>[\/et_pb_text][dipi_timeline show_card_arrow=&#8220;off&#8220; timeline_line_color=&#8220;rgba(255,255,255,0.19)&#8220; timeline_active_line_color=&#8220;#7CDA24&#8243; module_id=&#8220;helios&#8220; _builder_version=&#8220;4.21.0&#8243; _module_preset=&#8220;default&#8220; background_color=&#8220;RGBA(255,255,255,0)&#8220; width=&#8220;120%&#8220; max_width=&#8220;100%&#8220; custom_margin=&#8220;||||false|false&#8220; global_colors_info=&#8220;{}&#8220;][dipi_timeline_item ribbon=&#8220;02.11.2023&#8243; title=&#8220;DEEP OCEAN &#8211; das geniale Pers\u00f6nlichkeitsmodell&#8220; show_button=&#8220;on&#8220; button_text=&#8220;Mehr Dazu&#8220; button_url=&#8220;https:\/\/www.gu.de\/produkte\/koerper-geist-seele\/lebenshilfe\/deep-ocean-das-geniale-persoenlichkeitsmodell-hartmann-2023\/&#8220; button_url_new_window=&#8220;on&#8220; timeline_icon=&#8220;&#x33;||divi||400&#8243; timeline_icon_color=&#8220;#FFFFFF&#8220; ribbon_circle_color=&#8220;#333d50&#8243; ribbon_use_circle_border=&#8220;on&#8220; ribbon_circle_border_color=&#8220;#E54BAA&#8220; ribbon_text_bgcolor=&#8220;RGBA(255,255,255,0)&#8220; image=&#8220;https:\/\/switalski.berlin\/wp-content\/uploads\/2023\/11\/37-1-min.png&#8220; alt=&#8220;Deep Ocean&#8220; icon_alignment=&#8220;right&#8220; image_max_width=&#8220;35%&#8220; custom_card_arrow=&#8220;on&#8220; card_arrow_size=&#8220;0px&#8220; card_padding=&#8220;0px|30px|0px|30px|false|false&#8220; icon_alignment_tablet=&#8220;left&#8220; icon_alignment_phone=&#8220;left&#8220; icon_alignment_last_edited=&#8220;on|phone&#8220; card_padding_tablet=&#8220;40px||40px||false|false&#8220; card_padding_phone=&#8220;40px||40px||false|false&#8220; card_padding_last_edited=&#8220;on|tablet&#8220; _builder_version=&#8220;4.21.0&#8243; _module_preset=&#8220;default&#8220; header_level=&#8220;h1&#8243; header_font=&#8220;Poppins|700||on|||||&#8220; header_text_align=&#8220;right&#8220; header_text_color=&#8220;#FFFFFF&#8220; body_text_align=&#8220;right&#8220; body_text_color=&#8220;#FFFFFF&#8220; ribbon_text_text_color=&#8220;#FFFFFF&#8220; background_color=&#8220;RGBA(255,255,255,0)&#8220; background_enable_color=&#8220;on&#8220; custom_button=&#8220;on&#8220; button_text_size=&#8220;12px&#8220; button_text_color=&#8220;#FFFFFF&#8220; button_bg_color=&#8220;RGBA(255,255,255,0)&#8220; button_font=&#8220;Open Sans||||||||&#8220; button_use_icon=&#8220;off&#8220; button_alignment=&#8220;right&#8220; button_custom_padding=&#8220;10px|35px|10px|35px|false|false&#8220; hover_enabled=&#8220;0&#8243; header_text_align_tablet=&#8220;left&#8220; header_text_align_phone=&#8220;left&#8220; header_text_align_last_edited=&#8220;on|phone&#8220; body_text_align_tablet=&#8220;left&#8220; body_text_align_phone=&#8220;left&#8220; body_text_align_last_edited=&#8220;on|desktop&#8220; button_alignment_tablet=&#8220;left&#8220; button_alignment_phone=&#8220;left&#8220; button_alignment_last_edited=&#8220;on|phone&#8220; border_color_all=&#8220;rgba(135,135,135,0.66)&#8220; border_color_all_image=&#8220;#E02B20&#8243; global_colors_info=&#8220;{}&#8220; button_bg_color__hover_enabled=&#8220;on|hover&#8220; button_bg_color__hover=&#8220;#E54BAA&#8220; button_bg_enable_color__hover=&#8220;on&#8220; button_text_color__hover_enabled=&#8220;on|hover&#8220; button_text_color__hover=&#8220;#FFFFFF&#8220; ribbon_circle_color__hover=&#8220;#E54BAA&#8220; ribbon_circle_color__hover_enabled=&#8220;on|hover&#8220; sticky_enabled=&#8220;0&#8243;]<h5><strong><span style=\"color: #ffffff;\">Alexander Hartmann<\/span><\/strong><\/h5>\n<h4><em><strong><span style=\"color: #e54baa;\">SPIEGEL-Bestsellerliste Top 10 (November 2023)<\/span><\/strong><\/em><\/h4>\n<p><span>Warum du bist, wie du bist.<br \/><\/span><span>Warum die anderen sind, wie sie sind.<br \/>Und warum beides zu 100% ok ist! <\/span><\/p>\n<p><span>Wenn du viel zu oft verst\u00e4ndnislos vor deinen Mitmenschen stehst &#8211; und dich fragst \u201eWas ist blo\u00df falsch mit ihm!?\u201c Wenn du dich viel zu oft fragst, \u201eWas ist blo\u00df falsch mit mir!?\u201c \u2026 dann wird dich dieses Buch gl\u00fccklich machen! Alexander Hartmann und Vanessa Buchner entschl\u00fcsseln mit dem wissenschaftlich belegten Deep O.C.E.A.N. Modell die Geheimnisse deiner einzigartigen Pers\u00f6nlichkeit. Das power couple der deutschen Lifecoaching-Szene l\u00e4dt dich mit diesem Buch ein, dein wahres Selbst zu erkennen und dein bestes Ich zu werden. F\u00fcr erf\u00fcllende Beziehungen, mehr Erfolg im Beruf und ganz einfach mehr Gl\u00fcck und Zufriedenheit in deinem Leben. <\/span><\/p>\n<p><span>Das O.C.E.A.N. Modell wurde weltweit \u00fcber 60 Jahren lang in \u00fcber 8.000 Studien erforscht und macht Pers\u00f6nlichkeit mit einer einzigartigen Pr\u00e4zision erfahrbar. Es kennt mehr Pers\u00f6nlichkeiten, als es jemals Menschen gab und mehr als es jemals Menschen geben wird: Welche davon bist du?\u201c <\/span><\/p>\n<p><span>Dieses in unterhaltsamem und lebendigem Stil geschriebene Buch erz\u00e4hlt spannende (Fall)Geschichten. Es erl\u00e4utert Theorie und wissenschaftliche Grundlagen des Deep O.C.E.A.N. Modells. Es liefert klare Handlungsimpulse und sofort anwendbare Strategien. Au\u00dferdem ist es interaktiv! Nach jedem der Hauptkapitel gibt es die M\u00f6glichkeit einer kurzen Selbsteinsch\u00e4tzung. Regelm\u00e4\u00dfig f\u00fchren Links und QR-Codes den Leser zu erg\u00e4nzenden Lehrvideos, Interviews und weiteren Quellen. Damit ist es ein fundiertes und Selbstcoaching-Tool.<\/span><\/p>[\/dipi_timeline_item][\/dipi_timeline][\/et_pb_column][\/et_pb_row][\/et_pb_section]","protected":false},"excerpt":{"rendered":"<p>ALEXANDER HARTMANN<div id=\"helios\" class=\"et_pb_module dipi_timeline dipi_timeline_0\">\n\t\t\t\t\n\t\t\t\t\n\t\t\t\t\n\t\t\t\t\n\t\t\t\t\n\t\t\t\t\n\t\t\t\t<div class=\"et_pb_module_inner\">\n\t\t\t\t\t<div class=\"dipi_timeline_custom_classes dipi_timeline_layout_mixed dipi_timeline_layout_right_tablet dipi_timeline_layout_right_phone startpos-left\">\n        <div class=\"dipi_timeline_container\">\n          <div class=\"dipi-timeline-items\"><\/div>\n          <div class=\"dipi-timeline-line\"><\/div><div class=\"dipi-timeline-line__active\"><\/div>\n        <\/div>\n      <\/div>\n      \n\t\t\t\t<\/div>\n\t\t\t<\/div><div class=\"et_pb_module dipi_timeline_item dipi_timeline_item_0\">\n\t\t\t\t\n\t\t\t\t\n\t\t\t\t\n\t\t\t\t\n\t\t\t\t\n\t\t\t\t\n\t\t\t\t<div class=\"et_pb_module_inner\">\n\t\t\t\t\t<div class=\"dipi_timeline_item_custom_classes dipi_timeline_item_position_top et_pb_bg_layout_\" data-config=\"{&quot;anim_name&quot;:&quot;fadeIn&quot;,&quot;anim_start_viewport&quot;:&quot;75%&quot;} \">\n        <div class=\"dipi_timeline_item_container\">\n          <div class=\"dipi_timeline_ribbon\"><span class=\"dipi_timeline_ribbon_text\">&#8220;02.11.2023&#8243;<\/span><\/div>\n          <div class=\"et_pb_image_wrap ribbon-icon-wrap\"><span class=\"et_pb_icon_wrap\"><span class=\"ribbon-icon ribbon-icon-circle\"><\/span><\/span><\/div>\n          <div class=\"dipi_timeline_item_card-wrap  need_animation\">\n            <div class=\"dipi_timeline_item_card\">\n              <div class=\"dipi_timeline_item_image\"><span class=\"et_pb_image_wrap\"><img decoding=\"async\" src=\"\" alt=\"&#8220;Deep\" class=\"et_multi_view_hidden_image\" \/><\/span><\/div>\n              <div class=\"dipi_timeline_item_content\">\n                <div class=\"dipi_timeline_ribbon\"><span class=\"dipi_timeline_ribbon_text\">&#8220;02.11.2023&#8243;<\/span><\/div>\n                <div class=\"dipi_timeline_item_content_text\">\n                  <h4 class=\"dipi_timeline_item_header\"><span>&#8220;DEEP<\/span><\/h4>\n                  \n                <\/div>\n                \n              <\/div> <!-- .dipi_timeline_item_content -->\n            <\/div> <!-- .dipi_timeline_item_card -->\n          <\/div>\n        <\/div>\n      <\/div>\n\t\t\n\t\t\t\t<\/div>\n\t\t\t<\/div><\/p>","protected":false},"author":1,"featured_media":0,"parent":0,"menu_order":0,"comment_status":"closed","ping_status":"closed","template":"","meta":{"_et_pb_use_builder":"on","_et_pb_old_content":"","_et_gb_content_width":"","footnotes":""},"dipi_cpt_category":[],"class_list":["post-601","page","type-page","status-publish","hentry"],"yoast_head":"<!-- This site is optimized with the Yoast SEO plugin v22.2 - https:\/\/yoast.com\/wordpress\/plugins\/seo\/ -->\n<title>Alexander HARTMANN - switalski_berlin<\/title>\n<meta name=\"robots\" content=\"index, follow, max-snippet:-1, max-image-preview:large, max-video-preview:-1\" \/>\n<link rel=\"canonical\" href=\"https:\/\/switalski.berlin\/en\/alexander-hartmann\/\" \/>\n<meta property=\"og:locale\" content=\"en_GB\" \/>\n<meta property=\"og:type\" content=\"article\" \/>\n<meta property=\"og:title\" content=\"Alexander HARTMANN - switalski_berlin\" \/>\n<meta property=\"og:description\" content=\"ALEXANDER HARTMANN\" \/>\n<meta property=\"og:url\" content=\"https:\/\/switalski.berlin\/en\/alexander-hartmann\/\" \/>\n<meta property=\"og:site_name\" content=\"switalski_berlin\" \/>\n<meta property=\"article:modified_time\" content=\"2024-02-08T07:05:56+00:00\" \/>\n<meta name=\"twitter:card\" content=\"summary_large_image\" \/>\n<meta name=\"twitter:label1\" content=\"Estimated reading time\" \/>\n\t<meta name=\"twitter:data1\" content=\"2 minutes\" \/>\n<script type=\"application\/ld+json\" class=\"yoast-schema-graph\">{\"@context\":\"https:\/\/schema.org\",\"@graph\":[{\"@type\":\"WebPage\",\"@id\":\"https:\/\/switalski.berlin\/alexander-hartmann\",\"url\":\"https:\/\/switalski.berlin\/alexander-hartmann\",\"name\":\"Alexander HARTMANN - switalski_berlin\",\"isPartOf\":{\"@id\":\"https:\/\/switalski.berlin\/#website\"},\"datePublished\":\"2023-11-20T04:53:20+00:00\",\"dateModified\":\"2024-02-08T07:05:56+00:00\",\"breadcrumb\":{\"@id\":\"https:\/\/switalski.berlin\/alexander-hartmann#breadcrumb\"},\"inLanguage\":\"en-GB\",\"potentialAction\":[{\"@type\":\"ReadAction\",\"target\":[\"https:\/\/switalski.berlin\/alexander-hartmann\"]}]},{\"@type\":\"BreadcrumbList\",\"@id\":\"https:\/\/switalski.berlin\/alexander-hartmann#breadcrumb\",\"itemListElement\":[{\"@type\":\"ListItem\",\"position\":1,\"name\":\"Home\",\"item\":\"https:\/\/switalski.berlin\/\"},{\"@type\":\"ListItem\",\"position\":2,\"name\":\"Alexander HARTMANN\"}]},{\"@type\":\"WebSite\",\"@id\":\"https:\/\/switalski.berlin\/#website\",\"url\":\"https:\/\/switalski.berlin\/\",\"name\":\"switalski_berlin\",\"description\":\"Agentur f\u00fcr Erlesenes\",\"publisher\":{\"@id\":\"https:\/\/switalski.berlin\/#organization\"},\"potentialAction\":[{\"@type\":\"SearchAction\",\"target\":{\"@type\":\"EntryPoint\",\"urlTemplate\":\"https:\/\/switalski.berlin\/?s={search_term_string}\"},\"query-input\":\"required name=search_term_string\"}],\"inLanguage\":\"en-GB\"},{\"@type\":\"Organization\",\"@id\":\"https:\/\/switalski.berlin\/#organization\",\"name\":\"switalski_berlin\",\"url\":\"https:\/\/switalski.berlin\/\",\"logo\":{\"@type\":\"ImageObject\",\"inLanguage\":\"en-GB\",\"@id\":\"https:\/\/switalski.berlin\/#\/schema\/logo\/image\/\",\"url\":\"http:\/\/switalski.berlin\/wp-content\/uploads\/2023\/07\/SWITALSKI.berlin-1.png\",\"contentUrl\":\"http:\/\/switalski.berlin\/wp-content\/uploads\/2023\/07\/SWITALSKI.berlin-1.png\",\"width\":4236,\"height\":405,\"caption\":\"switalski_berlin\"},\"image\":{\"@id\":\"https:\/\/switalski.berlin\/#\/schema\/logo\/image\/\"}}]}<\/script>\n<!-- \/ Yoast SEO plugin. -->","yoast_head_json":{"title":"Alexander HARTMANN - switalski_berlin","robots":{"index":"index","follow":"follow","max-snippet":"max-snippet:-1","max-image-preview":"max-image-preview:large","max-video-preview":"max-video-preview:-1"},"canonical":"https:\/\/switalski.berlin\/en\/alexander-hartmann\/","og_locale":"en_GB","og_type":"article","og_title":"Alexander HARTMANN - switalski_berlin","og_description":"ALEXANDER HARTMANN","og_url":"https:\/\/switalski.berlin\/en\/alexander-hartmann\/","og_site_name":"switalski_berlin","article_modified_time":"2024-02-08T07:05:56+00:00","twitter_card":"summary_large_image","twitter_misc":{"Estimated reading time":"2 minutes"},"schema":{"@context":"https:\/\/schema.org","@graph":[{"@type":"WebPage","@id":"https:\/\/switalski.berlin\/alexander-hartmann","url":"https:\/\/switalski.berlin\/alexander-hartmann","name":"Alexander HARTMANN - switalski_berlin","isPartOf":{"@id":"https:\/\/switalski.berlin\/#website"},"datePublished":"2023-11-20T04:53:20+00:00","dateModified":"2024-02-08T07:05:56+00:00","breadcrumb":{"@id":"https:\/\/switalski.berlin\/alexander-hartmann#breadcrumb"},"inLanguage":"en-GB","potentialAction":[{"@type":"ReadAction","target":["https:\/\/switalski.berlin\/alexander-hartmann"]}]},{"@type":"BreadcrumbList","@id":"https:\/\/switalski.berlin\/alexander-hartmann#breadcrumb","itemListElement":[{"@type":"ListItem","position":1,"name":"Home","item":"https:\/\/switalski.berlin\/"},{"@type":"ListItem","position":2,"name":"Alexander HARTMANN"}]},{"@type":"WebSite","@id":"https:\/\/switalski.berlin\/#website","url":"https:\/\/switalski.berlin\/","name":"switalski_berlin","description":"Agentur f\u00fcr Erlesenes","publisher":{"@id":"https:\/\/switalski.berlin\/#organization"},"potentialAction":[{"@type":"SearchAction","target":{"@type":"EntryPoint","urlTemplate":"https:\/\/switalski.berlin\/?s={search_term_string}"},"query-input":"required name=search_term_string"}],"inLanguage":"en-GB"},{"@type":"Organization","@id":"https:\/\/switalski.berlin\/#organization","name":"switalski_berlin","url":"https:\/\/switalski.berlin\/","logo":{"@type":"ImageObject","inLanguage":"en-GB","@id":"https:\/\/switalski.berlin\/#\/schema\/logo\/image\/","url":"http:\/\/switalski.berlin\/wp-content\/uploads\/2023\/07\/SWITALSKI.berlin-1.png","contentUrl":"http:\/\/switalski.berlin\/wp-content\/uploads\/2023\/07\/SWITALSKI.berlin-1.png","width":4236,"height":405,"caption":"switalski_berlin"},"image":{"@id":"https:\/\/switalski.berlin\/#\/schema\/logo\/image\/"}}]}},"_links":{"self":[{"href":"https:\/\/switalski.berlin\/en\/wp-json\/wp\/v2\/pages\/601","targetHints":{"allow":["GET"]}}],"collection":[{"href":"https:\/\/switalski.berlin\/en\/wp-json\/wp\/v2\/pages"}],"about":[{"href":"https:\/\/switalski.berlin\/en\/wp-json\/wp\/v2\/types\/page"}],"author":[{"embeddable":true,"href":"https:\/\/switalski.berlin\/en\/wp-json\/wp\/v2\/users\/1"}],"replies":[{"embeddable":true,"href":"https:\/\/switalski.berlin\/en\/wp-json\/wp\/v2\/comments?post=601"}],"version-history":[{"count":5,"href":"https:\/\/switalski.berlin\/en\/wp-json\/wp\/v2\/pages\/601\/revisions"}],"predecessor-version":[{"id":642,"href":"https:\/\/switalski.berlin\/en\/wp-json\/wp\/v2\/pages\/601\/revisions\/642"}],"wp:attachment":[{"href":"https:\/\/switalski.berlin\/en\/wp-json\/wp\/v2\/media?parent=601"}],"wp:term":[{"taxonomy":"dipi_cpt_category","embeddable":true,"href":"https:\/\/switalski.berlin\/en\/wp-json\/wp\/v2\/dipi_cpt_category?post=601"}],"curies":[{"name":"wp","href":"https:\/\/api.w.org\/{rel}","templated":true}]}}