{"id":735,"date":"2024-12-10T14:15:57","date_gmt":"2024-12-10T14:15:57","guid":{"rendered":"https:\/\/switalski.berlin\/?page_id=735"},"modified":"2025-08-12T12:17:50","modified_gmt":"2025-08-12T12:17:50","slug":"selina-mae","status":"publish","type":"page","link":"https:\/\/switalski.berlin\/en\/selina-mae","title":{"rendered":"Selina Mae"},"content":{"rendered":"<p>[et_pb_section fb_built=&#8220;1&#8243; module_id=&#8220;dipi-particles-1 or dipi-particles-2&#8243; _builder_version=&#8220;4.21.0&#8243; _module_preset=&#8220;default&#8220; background_color=&#8220;#333d50&#8243; background_enable_image=&#8220;off&#8220; custom_padding=&#8220;||84px||false|false&#8220; global_colors_info=&#8220;{}&#8220;][et_pb_row custom_padding_last_edited=&#8220;on|tablet&#8220; _builder_version=&#8220;4.19.5&#8243; _module_preset=&#8220;default&#8220; width=&#8220;100%&#8220; max_width=&#8220;1410px&#8220; max_width_tablet=&#8220;315%&#8220; max_width_phone=&#8220;315%&#8220; max_width_last_edited=&#8220;on|tablet&#8220; custom_padding_tablet=&#8220;|30px||50px|false|false&#8220; custom_padding_phone=&#8220;|30px||50px|false|false&#8220; global_colors_info=&#8220;{}&#8220;][et_pb_column type=&#8220;4_4&#8243; _builder_version=&#8220;4.19.5&#8243; _module_preset=&#8220;default&#8220; global_colors_info=&#8220;{}&#8220;][et_pb_text _builder_version=&#8220;4.21.0&#8243; _module_preset=&#8220;default&#8220; header_2_font=&#8220;Poppins|700||on|||||&#8220; header_2_text_align=&#8220;center&#8220; header_2_text_color=&#8220;#FFFFFF&#8220; header_2_font_size=&#8220;38px&#8220; global_colors_info=&#8220;{}&#8220;]<\/p>\n<h2><span>Selina MAe<br \/><\/span><\/h2>\n<p>[\/et_pb_text][dipi_timeline show_card_arrow=&#8220;off&#8220; timeline_line_color=&#8220;rgba(255,255,255,0.19)&#8220; timeline_active_line_color=&#8220;#7CDA24&#8243; module_id=&#8220;helios&#8220; _builder_version=&#8220;4.21.0&#8243; _module_preset=&#8220;default&#8220; background_color=&#8220;RGBA(255,255,255,0)&#8220; width=&#8220;120%&#8220; max_width=&#8220;100%&#8220; custom_margin=&#8220;||||false|false&#8220; hover_enabled=&#8220;0&#8243; global_colors_info=&#8220;{}&#8220; text_orientation=&#8220;left&#8220; module_alignment=&#8220;left&#8220; sticky_enabled=&#8220;0&#8243;][dipi_timeline_item ribbon=&#8220;25.07.2025&#8243; title=&#8220;Lessons in Falling (Hall Beck University)&#8220; show_button=&#8220;on&#8220; button_text=&#8220;Mehr Dazu&#8220; button_url=&#8220;https:\/\/amzn.eu\/d\/1zqYLdd&#8220; button_url_new_window=&#8220;on&#8220; timeline_icon=&#8220;&#x33;||divi||400&#8243; timeline_icon_color=&#8220;#FFFFFF&#8220; ribbon_circle_color=&#8220;#333d50&#8243; ribbon_use_circle_border=&#8220;on&#8220; ribbon_circle_border_color=&#8220;#E54BAA&#8220; ribbon_text_bgcolor=&#8220;RGBA(255,255,255,0)&#8220; icon_alignment=&#8220;right&#8220; image_max_width=&#8220;35%&#8220; custom_card_arrow=&#8220;on&#8220; card_arrow_size=&#8220;0px&#8220; card_padding=&#8220;0px|30px|0px|30px|false|false&#8220; icon_alignment_tablet=&#8220;left&#8220; icon_alignment_phone=&#8220;left&#8220; icon_alignment_last_edited=&#8220;on|phone&#8220; card_padding_tablet=&#8220;40px||40px||false|false&#8220; card_padding_phone=&#8220;40px||40px||false|false&#8220; card_padding_last_edited=&#8220;on|tablet&#8220; _builder_version=&#8220;4.21.0&#8243; _module_preset=&#8220;default&#8220; header_level=&#8220;h1&#8243; header_font=&#8220;Poppins|700||on|||||&#8220; header_text_align=&#8220;right&#8220; header_text_color=&#8220;#FFFFFF&#8220; body_text_align=&#8220;right&#8220; body_text_color=&#8220;#FFFFFF&#8220; ribbon_text_text_color=&#8220;#FFFFFF&#8220; background_color=&#8220;RGBA(255,255,255,0)&#8220; background_enable_color=&#8220;on&#8220; custom_button=&#8220;on&#8220; button_text_size=&#8220;12px&#8220; button_text_color=&#8220;#FFFFFF&#8220; button_bg_color=&#8220;RGBA(255,255,255,0)&#8220; button_font=&#8220;Open Sans||||||||&#8220; button_use_icon=&#8220;off&#8220; button_alignment=&#8220;right&#8220; button_custom_padding=&#8220;10px|35px|10px|35px|false|false&#8220; hover_enabled=&#8220;0&#8243; header_text_align_tablet=&#8220;left&#8220; header_text_align_phone=&#8220;left&#8220; header_text_align_last_edited=&#8220;on|phone&#8220; body_text_align_tablet=&#8220;left&#8220; body_text_align_phone=&#8220;left&#8220; body_text_align_last_edited=&#8220;on|desktop&#8220; button_alignment_tablet=&#8220;left&#8220; button_alignment_phone=&#8220;left&#8220; button_alignment_last_edited=&#8220;on|phone&#8220; border_color_all=&#8220;rgba(135,135,135,0.66)&#8220; border_color_all_image=&#8220;#E02B20&#8243; global_colors_info=&#8220;{}&#8220; button_bg_color__hover_enabled=&#8220;on|hover&#8220; button_bg_color__hover=&#8220;#E54BAA&#8220; button_bg_enable_color__hover=&#8220;on&#8220; button_text_color__hover_enabled=&#8220;on|hover&#8220; button_text_color__hover=&#8220;#FFFFFF&#8220; ribbon_circle_color__hover=&#8220;#E54BAA&#8220; ribbon_circle_color__hover_enabled=&#8220;on|hover&#8220; sticky_enabled=&#8220;0&#8243; title_text=&#8220;lessons-in-falling&#8220; image=&#8220;https:\/\/switalski.berlin\/wp-content\/uploads\/2025\/08\/lessons-in-falling-scaled.jpg&#8220;]<\/p>\n<h5><strong><span style=\"color: #ffffff;\">Selina Mae<span class=\"author notFaded\" data-width=\"\"><\/span><\/span><\/strong><\/h5>\n<h4 style=\"text-align: right;\"><em><strong><span style=\"color: #e54baa;\">SPIEGEL-Bestsellerliste Top 20<\/span><\/strong><\/em><\/h4>\n<h5 style=\"text-align: right;\"><em><strong><span style=\"color: #e54baa;\"><span>(H\u00f6chste Position 17)<\/span><\/span><\/strong><\/em><em><strong><span style=\"color: #e54baa;\"><span><\/span><\/span><\/strong><\/em><em><strong><span style=\"color: #e54baa;\"><span><\/span><\/span><\/strong><\/em><\/h5>\n<p><span><\/span><\/p>\n<p><span>\u00bbICH WILL DICH NICHT HIER HABEN, CADEN.\u00ab<br \/>\u00bbICH WERDE DR\u00dcBER HINWEGKOMMEN!\u00ab<br \/><\/span><\/p>\n<p><span>Valentina Rhodes hat ihr Leben lang versucht, es allen recht zu machen, doch damit ist jetzt Schluss. Und dieser Sommer, den sie wie jedes Jahr mit ihren besten Freunden auf Oakport Island verbringt, wird ihr Neustart sein. Mit einer Bucketlist voller verbotener W\u00fcnsche will sie lernen, sich selbst an erste Stelle zu setzen &#8211; bis Caden Callahan, der charismatische Captain des Fu\u00dfballteams, in ihrem Zimmer einquartiert wird. H\u00e4tte sie gewusst, dass er bald zur Clique geh\u00f6rt, h\u00e4tte sie niemals die hei\u00dfeste Nacht ihres Lebens mit ihm verbracht. Doch die Keine-Dates-im-Freundeskreis-Regel ger\u00e4t mit jedem unbeobachteten Moment ins Wanken. Valentina wei\u00df, dass sie sich von ihm fernhalten muss &#8211; aber was, wenn Caden der Einzige ist, der ihr helfen kann, herauszufinden, wer sie wirklich ist?<\/span><\/p>\n<p>[\/dipi_timeline_item][dipi_timeline_item ribbon=&#8220;28.02.2025&#8243; title=&#8220;Lessons in Forgiving (Hall Beck University)&#8220; show_button=&#8220;on&#8220; button_text=&#8220;Mehr Dazu&#8220; button_url=&#8220;https:\/\/www.amazon.de\/Lessons-Forgiving-Hall-Beck-University\/dp\/3736323670\/ref=sr_1_1?crid=32BRHDJBOXXTL&#038;dib=eyJ2IjoiMSJ9.0ElitxJGq2nnnJaLQASS-HlZjjNJBN19EwhYdqrLiG4Wo2NEGdGtBfML7eHU_DsrfcXZXscNFcA8dEeLZSvBB5RhtQdKXZffyO8Jh-3EgPWbkqh8HbE_8b7kRNfPzAgY3M00eSv8dVgHEYmZBo3PfAmfXITaNdhfPrCG4oZQ0Vl272F78G3sNBGK2DlnusjtwQo8TUXjeSigtbwuCByOKOSrgtlYD7oycUg9Zzp274U.2ZoJpmXKWIHjp7ncygyto6safqDMAkbQ_sBHVSX2Wws&#038;dib_tag=se&#038;keywords=lessons+in+forgiving&#038;qid=1746768195&#038;sprefix=lessons%2Caps%2C142&#038;sr=8-1&#8243; button_url_new_window=&#8220;on&#8220; timeline_icon=&#8220;&#x33;||divi||400&#8243; timeline_icon_color=&#8220;#FFFFFF&#8220; ribbon_circle_color=&#8220;#333d50&#8243; ribbon_use_circle_border=&#8220;on&#8220; ribbon_circle_border_color=&#8220;#E54BAA&#8220; ribbon_text_bgcolor=&#8220;RGBA(255,255,255,0)&#8220; image=&#8220;https:\/\/switalski.berlin\/wp-content\/uploads\/2025\/05\/lessons_in_forgiving.png&#8220; icon_alignment=&#8220;right&#8220; image_max_width=&#8220;35%&#8220; custom_card_arrow=&#8220;on&#8220; card_arrow_size=&#8220;0px&#8220; card_padding=&#8220;0px|30px|0px|30px|false|false&#8220; icon_alignment_tablet=&#8220;left&#8220; icon_alignment_phone=&#8220;left&#8220; icon_alignment_last_edited=&#8220;on|phone&#8220; card_padding_tablet=&#8220;40px||40px||false|false&#8220; card_padding_phone=&#8220;40px||40px||false|false&#8220; card_padding_last_edited=&#8220;on|tablet&#8220; _builder_version=&#8220;4.21.0&#8243; _module_preset=&#8220;default&#8220; header_level=&#8220;h1&#8243; header_font=&#8220;Poppins|700||on|||||&#8220; header_text_align=&#8220;right&#8220; header_text_color=&#8220;#FFFFFF&#8220; body_text_align=&#8220;right&#8220; body_text_color=&#8220;#FFFFFF&#8220; ribbon_text_text_color=&#8220;#FFFFFF&#8220; background_color=&#8220;RGBA(255,255,255,0)&#8220; background_enable_color=&#8220;on&#8220; custom_button=&#8220;on&#8220; button_text_size=&#8220;12px&#8220; button_text_color=&#8220;#FFFFFF&#8220; button_bg_color=&#8220;RGBA(255,255,255,0)&#8220; button_font=&#8220;Open Sans||||||||&#8220; button_use_icon=&#8220;off&#8220; button_alignment=&#8220;right&#8220; button_custom_padding=&#8220;10px|35px|10px|35px|false|false&#8220; hover_enabled=&#8220;0&#8243; header_text_align_tablet=&#8220;left&#8220; header_text_align_phone=&#8220;left&#8220; header_text_align_last_edited=&#8220;on|phone&#8220; body_text_align_tablet=&#8220;left&#8220; body_text_align_phone=&#8220;left&#8220; body_text_align_last_edited=&#8220;on|desktop&#8220; button_alignment_tablet=&#8220;left&#8220; button_alignment_phone=&#8220;left&#8220; button_alignment_last_edited=&#8220;on|phone&#8220; border_color_all=&#8220;rgba(135,135,135,0.66)&#8220; border_color_all_image=&#8220;#E02B20&#8243; global_colors_info=&#8220;{}&#8220; button_bg_color__hover_enabled=&#8220;on|hover&#8220; button_bg_color__hover=&#8220;#E54BAA&#8220; button_bg_enable_color__hover=&#8220;on&#8220; button_text_color__hover_enabled=&#8220;on|hover&#8220; button_text_color__hover=&#8220;#FFFFFF&#8220; ribbon_circle_color__hover=&#8220;#E54BAA&#8220; ribbon_circle_color__hover_enabled=&#8220;on|hover&#8220; sticky_enabled=&#8220;0&#8243;]<\/p>\n<h5><strong><span style=\"color: #ffffff;\">Selina Mae<span class=\"author notFaded\" data-width=\"\"><\/span><\/span><\/strong><\/h5>\n<h4 style=\"text-align: right;\"><em><strong><span style=\"color: #e54baa;\">SPIEGEL-Bestsellerliste Top 20<\/span><\/strong><\/em><\/h4>\n<h5 style=\"text-align: right;\"><em><strong><span style=\"color: #e54baa;\"><span>(H\u00f6chste Position 12)<\/span><\/span><\/strong><\/em><em><strong><span style=\"color: #e54baa;\"><span><\/span><\/span><\/strong><\/em><em><strong><span style=\"color: #e54baa;\"><span><\/span><\/span><\/strong><\/em><\/h5>\n<p><em><strong><span style=\"color: #e54baa;\"><span><\/span><\/span><\/strong><\/em><\/p>\n<p><span>WIR M\u00dcSSEN VERN\u00dcNFTIG SEIN. F\u00dcR DIESEN ARTIKEL, F\u00dcR MEINE KARRIERE, F\u00dcR UNS.<br \/><\/span><\/p>\n<p><span>\u00bbWIR K\u00d6NNEN ES JA ZUMINDEST VERSUCHEN\u00ab<br \/><\/span><\/p>\n<p><span>Als Paula Castillo das Angebot bekommt, einen Artikel \u00fcber einen aufstrebenden Fu\u00dfballspieler des College-Teams zu schreiben, ist das ihre einzige Chance, ihr Journalismus-Studium doch noch herumzurei\u00dfen und ihren Abschluss zu schaffen. Leider hat Henry Parker Pressley vor Kurzem nicht nur einen Millionen-Vertrag bei einem MLS-Verein unterschrieben, sondern auch Paulas Herz gebrochen! Pl\u00f6tzlich jede Sekunde mit ihrem Ex-Freund verbringen zu m\u00fcssen, ist das Letzte, was sie gerade gebrauchen kann. So sehr sie sich auch vornimmt, sich nicht noch einmal in ihm zu verlieren, kommen sie in ihren Interviews nicht nur ihrer Vergangenheit unweigerlich wieder n\u00e4her &#8230;<\/span><\/p>\n<p>[\/dipi_timeline_item][dipi_timeline_item ribbon=&#8220;25.10.2024&#8243; title=&#8220;Lessons in Faking (Hall Beck University)&#8220; show_button=&#8220;on&#8220; button_text=&#8220;Mehr Dazu&#8220; button_url=&#8220;https:\/\/www.amazon.de\/Lessons-Faking-Hall-Beck-University\/dp\/3736323662\/ref=tmm_pap_swatch_0?_encoding=UTF8&#038;qid=&#038;sr=&#8220; button_url_new_window=&#8220;on&#8220; timeline_icon=&#8220;&#x33;||divi||400&#8243; timeline_icon_color=&#8220;#FFFFFF&#8220; ribbon_circle_color=&#8220;#333d50&#8243; ribbon_use_circle_border=&#8220;on&#8220; ribbon_circle_border_color=&#8220;#E54BAA&#8220; ribbon_text_bgcolor=&#8220;RGBA(255,255,255,0)&#8220; image=&#8220;https:\/\/switalski.berlin\/wp-content\/uploads\/2024\/12\/81KF80h1rgL._SL1500_.jpg&#8220; alt=&#8220;Anders Indset&#8220; icon_alignment=&#8220;right&#8220; image_max_width=&#8220;35%&#8220; custom_card_arrow=&#8220;on&#8220; card_arrow_size=&#8220;0px&#8220; card_padding=&#8220;0px|30px|0px|30px|false|false&#8220; icon_alignment_tablet=&#8220;left&#8220; icon_alignment_phone=&#8220;left&#8220; icon_alignment_last_edited=&#8220;on|phone&#8220; card_padding_tablet=&#8220;40px||40px||false|false&#8220; card_padding_phone=&#8220;40px||40px||false|false&#8220; card_padding_last_edited=&#8220;on|tablet&#8220; _builder_version=&#8220;4.21.0&#8243; _module_preset=&#8220;default&#8220; header_level=&#8220;h1&#8243; header_font=&#8220;Poppins|700||on|||||&#8220; header_text_align=&#8220;right&#8220; header_text_color=&#8220;#FFFFFF&#8220; body_text_align=&#8220;right&#8220; body_text_color=&#8220;#FFFFFF&#8220; ribbon_text_text_color=&#8220;#FFFFFF&#8220; background_color=&#8220;RGBA(255,255,255,0)&#8220; background_enable_color=&#8220;on&#8220; custom_button=&#8220;on&#8220; button_text_size=&#8220;12px&#8220; button_text_color=&#8220;#FFFFFF&#8220; button_bg_color=&#8220;RGBA(255,255,255,0)&#8220; button_font=&#8220;Open Sans||||||||&#8220; button_use_icon=&#8220;off&#8220; button_alignment=&#8220;right&#8220; button_custom_padding=&#8220;10px|35px|10px|35px|false|false&#8220; header_text_align_tablet=&#8220;left&#8220; header_text_align_phone=&#8220;left&#8220; header_text_align_last_edited=&#8220;on|phone&#8220; body_text_align_tablet=&#8220;left&#8220; body_text_align_phone=&#8220;left&#8220; body_text_align_last_edited=&#8220;on|desktop&#8220; button_alignment_tablet=&#8220;left&#8220; button_alignment_phone=&#8220;left&#8220; button_alignment_last_edited=&#8220;on|phone&#8220; border_color_all=&#8220;rgba(135,135,135,0.66)&#8220; border_color_all_image=&#8220;#E02B20&#8243; global_colors_info=&#8220;{}&#8220; button_bg_color__hover_enabled=&#8220;on|hover&#8220; button_bg_color__hover=&#8220;#E54BAA&#8220; button_bg_enable_color__hover=&#8220;on&#8220; button_text_color__hover_enabled=&#8220;on|hover&#8220; button_text_color__hover=&#8220;#FFFFFF&#8220; ribbon_circle_color__hover=&#8220;#E54BAA&#8220; ribbon_circle_color__hover_enabled=&#8220;on|hover&#8220;]<\/p>\n<h5><strong><span style=\"color: #ffffff;\">Selina Mae<span class=\"author notFaded\" data-width=\"\"><\/span><\/span><\/strong><\/h5>\n<h4 style=\"text-align: right;\"><em><strong><span style=\"color: #e54baa;\">SPIEGEL-Bestsellerliste Top 20<\/span><\/strong><\/em><\/h4>\n<h5 style=\"text-align: right;\"><em><strong><span style=\"color: #e54baa;\"><span>(4 Wochen, H\u00f6chste Position 12)<\/span><\/span><\/strong><\/em><em><strong><span style=\"color: #e54baa;\"><span><\/span><\/span><\/strong><\/em><\/h5>\n<p><em><strong><span style=\"color: #e54baa;\"><span><\/span><\/span><\/strong><\/em><\/p>\n<p>ES MUSS ECHT AUSSEHEN. F\u00dcR ALLE. IN JEDEM MOMENT. NICHT NUR F\u00dcR MEINEN BRUDER. IMMER<\/p>\n<p>Eine Sache w\u00fcnscht sich Athalia Pressley mehr als alles andere auf der Welt: ihrem Zwillingsbruder Henry wieder nahe zu sein. Seit dem Tod ihrer Eltern haben sie sich jedoch immer weiter voneinander entfernt, sodass sie an diesem tragischen Tag auch ihn verloren hat. Aber als Henry erf\u00e4hrt, dass Athalias neuer Statistiktutor ausgerechnet Dylan McCarthy Williams ist &#8211; sein Erzfeind im Fu\u00dfballteam -, bekommt sie pl\u00f6tzlich Henrys ungeteilte Aufmerksamkeit. Athalia hat keine andere Wahl: Um Henrys Interesse an ihr m\u00f6glichst lange aufrechtzuerhalten, unterbreitet sie Dylan einen brillanten Fake-Dating-Plan. Doch zwischen Fake-Dates und Nachhilfestunden wird ihr urspr\u00fcngliches Ziel langsam, aber sicher zur Nebensache &#8230;<\/p>\n<p>&nbsp;<\/p>\n<p>[\/dipi_timeline_item][\/dipi_timeline][\/et_pb_column][\/et_pb_row][\/et_pb_section]<\/p>","protected":false},"excerpt":{"rendered":"<p>Selina MAe<div id=\"helios\" class=\"et_pb_module dipi_timeline dipi_timeline_0\">\n\t\t\t\t\n\t\t\t\t\n\t\t\t\t\n\t\t\t\t\n\t\t\t\t\n\t\t\t\t\n\t\t\t\t<div class=\"et_pb_module_inner\">\n\t\t\t\t\t<div class=\"dipi_timeline_custom_classes et_pb_text_align_left dipi_timeline_layout_mixed dipi_timeline_layout_right_tablet dipi_timeline_layout_right_phone startpos-left\">\n        <div class=\"dipi_timeline_container\">\n          <div class=\"dipi-timeline-items\"><\/div>\n          <div class=\"dipi-timeline-line\"><\/div><div class=\"dipi-timeline-line__active\"><\/div>\n        <\/div>\n      <\/div>\n      \n\t\t\t\t<\/div>\n\t\t\t<\/div><div class=\"et_pb_module dipi_timeline_item dipi_timeline_item_0\">\n\t\t\t\t\n\t\t\t\t\n\t\t\t\t\n\t\t\t\t\n\t\t\t\t\n\t\t\t\t\n\t\t\t\t<div class=\"et_pb_module_inner\">\n\t\t\t\t\t<div class=\"dipi_timeline_item_custom_classes dipi_timeline_item_position_top et_pb_bg_layout_\" data-config=\"{&quot;anim_name&quot;:&quot;fadeIn&quot;,&quot;anim_start_viewport&quot;:&quot;75%&quot;} \">\n        <div class=\"dipi_timeline_item_container\">\n          <div class=\"dipi_timeline_ribbon\"><span class=\"dipi_timeline_ribbon_text\">&#8220;25.07.2025&#8243;<\/span><\/div>\n          <div class=\"et_pb_image_wrap ribbon-icon-wrap\"><span class=\"et_pb_icon_wrap\"><span class=\"ribbon-icon ribbon-icon-circle\"><\/span><\/span><\/div>\n          <div class=\"dipi_timeline_item_card-wrap  need_animation\">\n            <div class=\"dipi_timeline_item_card\">\n              \n              <div class=\"dipi_timeline_item_content\">\n                <div class=\"dipi_timeline_ribbon\"><span class=\"dipi_timeline_ribbon_text\">&#8220;25.07.2025&#8243;<\/span><\/div>\n                <div class=\"dipi_timeline_item_content_text\">\n                  <h4 class=\"dipi_timeline_item_header\"><span>&#8220;Lessons<\/span><\/h4>\n                  \n                <\/div>\n                \n              <\/div> <!-- .dipi_timeline_item_content -->\n            <\/div> <!-- .dipi_timeline_item_card -->\n          <\/div>\n        <\/div>\n      <\/div>\n\t\t\n\t\t\t\t<\/div>\n\t\t\t<\/div><\/p>","protected":false},"author":2,"featured_media":0,"parent":0,"menu_order":0,"comment_status":"closed","ping_status":"closed","template":"","meta":{"_et_pb_use_builder":"on","_et_pb_old_content":"","_et_gb_content_width":"","footnotes":""},"dipi_cpt_category":[],"class_list":["post-735","page","type-page","status-publish","hentry"],"yoast_head":"<!-- This site is optimized with the Yoast SEO plugin v22.2 - https:\/\/yoast.com\/wordpress\/plugins\/seo\/ -->\n<title>Selina Mae - switalski_berlin<\/title>\n<meta name=\"robots\" content=\"index, follow, max-snippet:-1, max-image-preview:large, max-video-preview:-1\" \/>\n<link rel=\"canonical\" href=\"https:\/\/switalski.berlin\/en\/selina-mae\/\" \/>\n<meta property=\"og:locale\" content=\"en_GB\" \/>\n<meta property=\"og:type\" content=\"article\" \/>\n<meta property=\"og:title\" content=\"Selina Mae - switalski_berlin\" \/>\n<meta property=\"og:description\" content=\"Selina MAe\" \/>\n<meta property=\"og:url\" content=\"https:\/\/switalski.berlin\/en\/selina-mae\/\" \/>\n<meta property=\"og:site_name\" content=\"switalski_berlin\" \/>\n<meta property=\"article:modified_time\" content=\"2025-08-12T12:17:50+00:00\" \/>\n<meta name=\"twitter:card\" content=\"summary_large_image\" \/>\n<meta name=\"twitter:label1\" content=\"Estimated reading time\" \/>\n\t<meta name=\"twitter:data1\" content=\"1 minute\" \/>\n<script type=\"application\/ld+json\" class=\"yoast-schema-graph\">{\"@context\":\"https:\/\/schema.org\",\"@graph\":[{\"@type\":\"WebPage\",\"@id\":\"https:\/\/switalski.berlin\/selina-mae\",\"url\":\"https:\/\/switalski.berlin\/selina-mae\",\"name\":\"Selina Mae - switalski_berlin\",\"isPartOf\":{\"@id\":\"https:\/\/switalski.berlin\/#website\"},\"datePublished\":\"2024-12-10T14:15:57+00:00\",\"dateModified\":\"2025-08-12T12:17:50+00:00\",\"breadcrumb\":{\"@id\":\"https:\/\/switalski.berlin\/selina-mae#breadcrumb\"},\"inLanguage\":\"en-GB\",\"potentialAction\":[{\"@type\":\"ReadAction\",\"target\":[\"https:\/\/switalski.berlin\/selina-mae\"]}]},{\"@type\":\"BreadcrumbList\",\"@id\":\"https:\/\/switalski.berlin\/selina-mae#breadcrumb\",\"itemListElement\":[{\"@type\":\"ListItem\",\"position\":1,\"name\":\"Home\",\"item\":\"https:\/\/switalski.berlin\/\"},{\"@type\":\"ListItem\",\"position\":2,\"name\":\"Selina Mae\"}]},{\"@type\":\"WebSite\",\"@id\":\"https:\/\/switalski.berlin\/#website\",\"url\":\"https:\/\/switalski.berlin\/\",\"name\":\"switalski_berlin\",\"description\":\"Agentur f\u00fcr Erlesenes\",\"publisher\":{\"@id\":\"https:\/\/switalski.berlin\/#organization\"},\"potentialAction\":[{\"@type\":\"SearchAction\",\"target\":{\"@type\":\"EntryPoint\",\"urlTemplate\":\"https:\/\/switalski.berlin\/?s={search_term_string}\"},\"query-input\":\"required name=search_term_string\"}],\"inLanguage\":\"en-GB\"},{\"@type\":\"Organization\",\"@id\":\"https:\/\/switalski.berlin\/#organization\",\"name\":\"switalski_berlin\",\"url\":\"https:\/\/switalski.berlin\/\",\"logo\":{\"@type\":\"ImageObject\",\"inLanguage\":\"en-GB\",\"@id\":\"https:\/\/switalski.berlin\/#\/schema\/logo\/image\/\",\"url\":\"http:\/\/switalski.berlin\/wp-content\/uploads\/2023\/07\/SWITALSKI.berlin-1.png\",\"contentUrl\":\"http:\/\/switalski.berlin\/wp-content\/uploads\/2023\/07\/SWITALSKI.berlin-1.png\",\"width\":4236,\"height\":405,\"caption\":\"switalski_berlin\"},\"image\":{\"@id\":\"https:\/\/switalski.berlin\/#\/schema\/logo\/image\/\"}}]}<\/script>\n<!-- \/ Yoast SEO plugin. -->","yoast_head_json":{"title":"Selina Mae - switalski_berlin","robots":{"index":"index","follow":"follow","max-snippet":"max-snippet:-1","max-image-preview":"max-image-preview:large","max-video-preview":"max-video-preview:-1"},"canonical":"https:\/\/switalski.berlin\/en\/selina-mae\/","og_locale":"en_GB","og_type":"article","og_title":"Selina Mae - switalski_berlin","og_description":"Selina MAe","og_url":"https:\/\/switalski.berlin\/en\/selina-mae\/","og_site_name":"switalski_berlin","article_modified_time":"2025-08-12T12:17:50+00:00","twitter_card":"summary_large_image","twitter_misc":{"Estimated reading time":"1 minute"},"schema":{"@context":"https:\/\/schema.org","@graph":[{"@type":"WebPage","@id":"https:\/\/switalski.berlin\/selina-mae","url":"https:\/\/switalski.berlin\/selina-mae","name":"Selina Mae - switalski_berlin","isPartOf":{"@id":"https:\/\/switalski.berlin\/#website"},"datePublished":"2024-12-10T14:15:57+00:00","dateModified":"2025-08-12T12:17:50+00:00","breadcrumb":{"@id":"https:\/\/switalski.berlin\/selina-mae#breadcrumb"},"inLanguage":"en-GB","potentialAction":[{"@type":"ReadAction","target":["https:\/\/switalski.berlin\/selina-mae"]}]},{"@type":"BreadcrumbList","@id":"https:\/\/switalski.berlin\/selina-mae#breadcrumb","itemListElement":[{"@type":"ListItem","position":1,"name":"Home","item":"https:\/\/switalski.berlin\/"},{"@type":"ListItem","position":2,"name":"Selina Mae"}]},{"@type":"WebSite","@id":"https:\/\/switalski.berlin\/#website","url":"https:\/\/switalski.berlin\/","name":"switalski_berlin","description":"Agentur f\u00fcr Erlesenes","publisher":{"@id":"https:\/\/switalski.berlin\/#organization"},"potentialAction":[{"@type":"SearchAction","target":{"@type":"EntryPoint","urlTemplate":"https:\/\/switalski.berlin\/?s={search_term_string}"},"query-input":"required name=search_term_string"}],"inLanguage":"en-GB"},{"@type":"Organization","@id":"https:\/\/switalski.berlin\/#organization","name":"switalski_berlin","url":"https:\/\/switalski.berlin\/","logo":{"@type":"ImageObject","inLanguage":"en-GB","@id":"https:\/\/switalski.berlin\/#\/schema\/logo\/image\/","url":"http:\/\/switalski.berlin\/wp-content\/uploads\/2023\/07\/SWITALSKI.berlin-1.png","contentUrl":"http:\/\/switalski.berlin\/wp-content\/uploads\/2023\/07\/SWITALSKI.berlin-1.png","width":4236,"height":405,"caption":"switalski_berlin"},"image":{"@id":"https:\/\/switalski.berlin\/#\/schema\/logo\/image\/"}}]}},"_links":{"self":[{"href":"https:\/\/switalski.berlin\/en\/wp-json\/wp\/v2\/pages\/735","targetHints":{"allow":["GET"]}}],"collection":[{"href":"https:\/\/switalski.berlin\/en\/wp-json\/wp\/v2\/pages"}],"about":[{"href":"https:\/\/switalski.berlin\/en\/wp-json\/wp\/v2\/types\/page"}],"author":[{"embeddable":true,"href":"https:\/\/switalski.berlin\/en\/wp-json\/wp\/v2\/users\/2"}],"replies":[{"embeddable":true,"href":"https:\/\/switalski.berlin\/en\/wp-json\/wp\/v2\/comments?post=735"}],"version-history":[{"count":8,"href":"https:\/\/switalski.berlin\/en\/wp-json\/wp\/v2\/pages\/735\/revisions"}],"predecessor-version":[{"id":845,"href":"https:\/\/switalski.berlin\/en\/wp-json\/wp\/v2\/pages\/735\/revisions\/845"}],"wp:attachment":[{"href":"https:\/\/switalski.berlin\/en\/wp-json\/wp\/v2\/media?parent=735"}],"wp:term":[{"taxonomy":"dipi_cpt_category","embeddable":true,"href":"https:\/\/switalski.berlin\/en\/wp-json\/wp\/v2\/dipi_cpt_category?post=735"}],"curies":[{"name":"wp","href":"https:\/\/api.w.org\/{rel}","templated":true}]}}