{"id":766,"date":"2025-02-17T08:54:41","date_gmt":"2025-02-17T08:54:41","guid":{"rendered":"https:\/\/switalski.berlin\/?page_id=766"},"modified":"2025-02-17T09:16:31","modified_gmt":"2025-02-17T09:16:31","slug":"simon-neumann","status":"publish","type":"page","link":"https:\/\/switalski.berlin\/en\/simon-neumann","title":{"rendered":"Simon Neumann"},"content":{"rendered":"[et_pb_section fb_built=&#8220;1&#8243; module_id=&#8220;dipi-particles-1 or dipi-particles-2&#8243; _builder_version=&#8220;4.21.0&#8243; _module_preset=&#8220;default&#8220; background_color=&#8220;#333d50&#8243; background_enable_image=&#8220;off&#8220; custom_padding=&#8220;||84px||false|false&#8220; global_colors_info=&#8220;{}&#8220; theme_builder_area=&#8220;post_content&#8220;][et_pb_row custom_padding_last_edited=&#8220;on|tablet&#8220; _builder_version=&#8220;4.19.5&#8243; _module_preset=&#8220;default&#8220; width=&#8220;100%&#8220; max_width=&#8220;1410px&#8220; max_width_tablet=&#8220;315%&#8220; max_width_phone=&#8220;315%&#8220; max_width_last_edited=&#8220;on|tablet&#8220; custom_padding_tablet=&#8220;|30px||50px|false|false&#8220; custom_padding_phone=&#8220;|30px||50px|false|false&#8220; global_colors_info=&#8220;{}&#8220; theme_builder_area=&#8220;post_content&#8220;][et_pb_column type=&#8220;4_4&#8243; _builder_version=&#8220;4.19.5&#8243; _module_preset=&#8220;default&#8220; global_colors_info=&#8220;{}&#8220; theme_builder_area=&#8220;post_content&#8220;][et_pb_text _builder_version=&#8220;4.21.0&#8243; _module_preset=&#8220;default&#8220; header_2_font=&#8220;Poppins|700||on|||||&#8220; header_2_text_align=&#8220;center&#8220; header_2_text_color=&#8220;#FFFFFF&#8220; header_2_font_size=&#8220;38px&#8220; global_colors_info=&#8220;{}&#8220; theme_builder_area=&#8220;post_content&#8220;]<h2><span>Simon Neumann<\/span><\/h2>[\/et_pb_text][dipi_timeline show_card_arrow=&#8220;off&#8220; timeline_line_color=&#8220;rgba(255,255,255,0.19)&#8220; timeline_active_line_color=&#8220;#7CDA24&#8243; module_id=&#8220;helios&#8220; _builder_version=&#8220;4.21.0&#8243; _module_preset=&#8220;default&#8220; background_color=&#8220;RGBA(255,255,255,0)&#8220; width=&#8220;120%&#8220; max_width=&#8220;100%&#8220; custom_margin=&#8220;||||false|false&#8220; hover_enabled=&#8220;0&#8243; global_colors_info=&#8220;{}&#8220; theme_builder_area=&#8220;post_content&#8220; sticky_enabled=&#8220;0&#8243;][dipi_timeline_item ribbon=&#8220;21.01.2025&#8243; title=&#8220;100 Steuertipps &#038; Tricks, die JEDER kennen muss!: Fristen, Pauschalen, Freibetr\u00e4ge und kompakte Finanztipps, damit du das Beste aus deiner Steuererkl\u00e4rung herausholst &#8220; show_button=&#8220;on&#8220; button_text=&#8220;Mehr Dazu&#8220; button_url=&#8220;https:\/\/shop.haufe.de\/prod\/100-steuertipps-tricks-die-jeder-kennen-muss?srsltid=AfmBOoo4_1Iw6KCQWw61xIBySRqnkm0pOjY3p-J1aKjBEAMOP_wPyt9s&#8220; button_url_new_window=&#8220;on&#8220; timeline_icon=&#8220;&#x33;||divi||400&#8243; timeline_icon_color=&#8220;#FFFFFF&#8220; ribbon_circle_color=&#8220;#333d50&#8243; ribbon_use_circle_border=&#8220;on&#8220; ribbon_circle_border_color=&#8220;#E54BAA&#8220; ribbon_text_bgcolor=&#8220;RGBA(255,255,255,0)&#8220; image=&#8220;https:\/\/switalski.berlin\/wp-content\/uploads\/2025\/02\/811I8bQEI5L._SL1500_.jpg&#8220; alt=&#8220;Deep Ocean&#8220; icon_alignment=&#8220;right&#8220; image_max_width=&#8220;35%&#8220; custom_card_arrow=&#8220;on&#8220; card_arrow_size=&#8220;0px&#8220; card_padding=&#8220;0px|30px|0px|30px|false|false&#8220; icon_alignment_tablet=&#8220;left&#8220; icon_alignment_phone=&#8220;left&#8220; icon_alignment_last_edited=&#8220;on|phone&#8220; card_padding_tablet=&#8220;40px||40px||false|false&#8220; card_padding_phone=&#8220;40px||40px||false|false&#8220; card_padding_last_edited=&#8220;on|tablet&#8220; _builder_version=&#8220;4.21.0&#8243; _module_preset=&#8220;default&#8220; header_level=&#8220;h1&#8243; header_font=&#8220;Poppins|700||on|||||&#8220; header_text_align=&#8220;right&#8220; header_text_color=&#8220;#FFFFFF&#8220; body_text_align=&#8220;right&#8220; body_text_color=&#8220;#FFFFFF&#8220; ribbon_text_text_color=&#8220;#FFFFFF&#8220; background_color=&#8220;RGBA(255,255,255,0)&#8220; background_enable_color=&#8220;on&#8220; custom_button=&#8220;on&#8220; button_text_size=&#8220;12px&#8220; button_text_color=&#8220;#FFFFFF&#8220; button_bg_color=&#8220;RGBA(255,255,255,0)&#8220; button_font=&#8220;Open Sans||||||||&#8220; button_use_icon=&#8220;off&#8220; button_alignment=&#8220;right&#8220; button_custom_padding=&#8220;10px|35px|10px|35px|false|false&#8220; hover_enabled=&#8220;0&#8243; header_text_align_tablet=&#8220;left&#8220; header_text_align_phone=&#8220;left&#8220; header_text_align_last_edited=&#8220;on|phone&#8220; body_text_align_tablet=&#8220;left&#8220; body_text_align_phone=&#8220;left&#8220; body_text_align_last_edited=&#8220;on|desktop&#8220; button_alignment_tablet=&#8220;left&#8220; button_alignment_phone=&#8220;left&#8220; button_alignment_last_edited=&#8220;on|phone&#8220; border_color_all=&#8220;rgba(135,135,135,0.66)&#8220; border_color_all_image=&#8220;#E02B20&#8243; global_colors_info=&#8220;{}&#8220; button_bg_color__hover_enabled=&#8220;on|hover&#8220; button_bg_color__hover=&#8220;#E54BAA&#8220; button_bg_enable_color__hover=&#8220;on&#8220; button_text_color__hover_enabled=&#8220;on|hover&#8220; button_text_color__hover=&#8220;#FFFFFF&#8220; ribbon_circle_color__hover=&#8220;#E54BAA&#8220; ribbon_circle_color__hover_enabled=&#8220;on|hover&#8220; theme_builder_area=&#8220;post_content&#8220; title_text=&#8220;811I8bQEI5L._SL1500_&#8220; sticky_enabled=&#8220;0&#8243;]<h5><strong><span style=\"color: #ffffff;\">Simon Neumann<\/span><\/strong><\/h5>\n<h4><em><strong><span style=\"color: #e54baa;\">SPIEGEL-Bestsellerliste Top 10 (H\u00f6chste Position 5)<\/span><\/strong><\/em><\/h4>\n<span style=\"box-sizing: border-box;\">Simon Neumann kennt die Tipps und Tricks zum Steuern sparen wie kaum ein anderer. Seine Erkl\u00e4rvideos auf seinen Kan\u00e4len &#8222;FinanzNerd&#8220; bei YouTube, TikTok und Co. erreichen mittlerweile monatlich mehr als 10 Millionen Zuschauer. In seinem Buch fasst er seine Erfahrungen zusammen \u2013 leicht verst\u00e4ndlich und sofort umsetzbar.<\/span>\n\n<span style=\"box-sizing: border-box;\">\u201e100 Steuertipps &amp; Tricks, die JEDER kennen muss!\u201c bietet noch mehr Steuertipps und zeigt, wie Du in nur zw\u00f6lf Schritten die Steuererkl\u00e4rung erledigt hast. Neben den neuesten Steuertipps sind alle aktuellen Gesetzes\u00e4nderungen ber\u00fccksichtigt. Au\u00dferdem erf\u00e4hrst du, wie du eine Pendlerpauschale bekommst, Umzugskosten oder ETF-Aussch\u00fcttungen und Aktiendividenden geltend machen kannst.<\/span>\n\n<span class=\"a-text-bold\" style=\"box-sizing: border-box; font-weight: 700 !important;\">Mit den aktuellen \u00c4nderungen durch das Jahressteuergesetz 2024<\/span>\n<ul class=\"a-unordered-list a-vertical\" style=\"box-sizing: border-box; margin: 0px 0px 0px 18px; color: #00000; padding: 0px; caret-color: #0f1111; font-family: 'Amazon Ember', Arial, sans-serif; font-size: 14px; font-style: normal; font-variant-caps: normal; font-weight: 400; letter-spacing: normal; orphans: auto; text-align: start; text-indent: 0px; text-transform: none; white-space: normal; widows: auto; word-spacing: 0px; -webkit-text-stroke-width: 0px; text-decoration: none;\">\n\t<li style=\"box-sizing: border-box; list-style: outside; overflow-wrap: break-word; margin: 0px;\"><span class=\"a-list-item\" style=\"box-sizing: border-box; color: var(--__n4qdchev6mgo,#00000);\"><span style=\"box-sizing: border-box;\">Steuern sparen: Grundfreibetrag, Spenden, Steuerklassen, Sachzuwendungen Arbeitnehmer, Ehrenamtpauschale<\/span><\/span><\/li>\n\t<li style=\"box-sizing: border-box; list-style: outside; overflow-wrap: break-word; margin: 0px;\"><span class=\"a-list-item\" style=\"box-sizing: border-box; color: var(--__n4qdchev6mgo,#00000);\"><span style=\"box-sizing: border-box;\">Werbungskosten: Fahrtkosten, Internet, Handy, Arbeitszimmer, Berufskleidung, Verpflegungsmehraufwand, Umzugskosten<\/span><\/span><\/li>\n\t<li style=\"box-sizing: border-box; list-style: outside; overflow-wrap: break-word; margin: 0px;\"><span class=\"a-list-item\" style=\"box-sizing: border-box; color: var(--__n4qdchev6mgo,#00000);\"><span style=\"box-sizing: border-box;\">Fortbildung und Studium: Semester- und Studiengeb\u00fchren, Verpflegungsmehraufwand, Fahrtkosten, Studienreisen, Duales Studium<\/span><\/span><\/li>\n\t<li style=\"box-sizing: border-box; list-style: outside; overflow-wrap: break-word; margin: 0px;\"><span class=\"a-list-item\" style=\"box-sizing: border-box; color: var(--__n4qdchev6mgo,#00000);\"><span style=\"box-sizing: border-box;\">Kinder: Kinderbetreuungskosten, Kinderfreibetrag, Entlastungsbetrag f\u00fcr Alleinerziehende, BEA-Freibetrag, Kapital\u00fcbertragung, Schenkung<\/span><\/span><\/li>\n\t<li style=\"box-sizing: border-box; list-style: outside; overflow-wrap: break-word; margin: 0px;\"><span class=\"a-list-item\" style=\"box-sizing: border-box; color: var(--__n4qdchev6mgo,#00000);\"><span style=\"box-sizing: border-box;\">Versicherungen, au\u00dfergew\u00f6hnliche Belastungen, Immobilien, Geldanlage und Altersvorsorge<\/span><\/span><\/li>\n\t<li style=\"box-sizing: border-box; list-style: outside; overflow-wrap: break-word; margin: 0px;\"><span class=\"a-list-item\" style=\"box-sizing: border-box; color: var(--__n4qdchev6mgo,#00000);\"><span style=\"box-sizing: border-box;\">Selbstst\u00e4ndige und Unternehmen: Kleinunternehmerregel, Fahrtenbuch, 30-Cent-Methode, Abschreibungen, Verlustvortrag und -r\u00fccktrag<\/span><\/span><\/li>\n\t<li style=\"box-sizing: border-box; list-style: outside; overflow-wrap: break-word; margin: 0px;\"><span class=\"a-list-item\" style=\"box-sizing: border-box; color: var(--__n4qdchev6mgo,#00000);\"><span style=\"box-sizing: border-box;\">Ausf\u00fchrliches Kapitel zum Thema Immobilien und Wohnen: haushaltsnahe Aufwendungen, Handwerkerleistungen, Ehegattenschaukel, Schenken oder Vererben u. a.<\/span><\/span><\/li>\n<\/ul>\n<span class=\"a-text-bold\" style=\"box-sizing: border-box; font-weight: 700 !important;\">So wird Deine Steuererkl\u00e4rung k\u00fcnftig zum Kinderspiel<\/span>\n\n<span style=\"box-sizing: border-box;\">Simon Neumanns Buch zeigt, warum das Thema Steuererkl\u00e4rung gar nicht so abschreckend sein muss. Denn viele der negativen Vorstellungen, die wir damit verbinden, stimmen einfach nicht. Es nimmt dir die Angst vor der Steuererkl\u00e4rung, damit du sie als Chance begreifen kannst. Denn es hilft dir, eine h\u00f6here Steuerr\u00fcckerstattung zu bekommen, mehr Netto vom Brutto zu haben und Zeit bei der Steuererkl\u00e4rung zu sparen.<\/span>\n\n&nbsp;[\/dipi_timeline_item][\/dipi_timeline][\/et_pb_column][\/et_pb_row][\/et_pb_section]","protected":false},"excerpt":{"rendered":"<p>Simon Neumann<div id=\"helios\" class=\"et_pb_module dipi_timeline dipi_timeline_0\">\n\t\t\t\t\n\t\t\t\t\n\t\t\t\t\n\t\t\t\t\n\t\t\t\t\n\t\t\t\t\n\t\t\t\t<div class=\"et_pb_module_inner\">\n\t\t\t\t\t<div class=\"dipi_timeline_custom_classes dipi_timeline_layout_mixed dipi_timeline_layout_right_tablet dipi_timeline_layout_right_phone startpos-left\">\n        <div class=\"dipi_timeline_container\">\n          <div class=\"dipi-timeline-items\"><\/div>\n          <div class=\"dipi-timeline-line\"><\/div><div class=\"dipi-timeline-line__active\"><\/div>\n        <\/div>\n      <\/div>\n      \n\t\t\t\t<\/div>\n\t\t\t<\/div><div class=\"et_pb_module dipi_timeline_item dipi_timeline_item_0\">\n\t\t\t\t\n\t\t\t\t\n\t\t\t\t\n\t\t\t\t\n\t\t\t\t\n\t\t\t\t\n\t\t\t\t<div class=\"et_pb_module_inner\">\n\t\t\t\t\t<div class=\"dipi_timeline_item_custom_classes dipi_timeline_item_position_top et_pb_bg_layout_\" data-config=\"{&quot;anim_name&quot;:&quot;fadeIn&quot;,&quot;anim_start_viewport&quot;:&quot;75%&quot;} \">\n        <div class=\"dipi_timeline_item_container\">\n          <div class=\"dipi_timeline_ribbon\"><span class=\"dipi_timeline_ribbon_text\">&#8220;21.01.2025&#8243;<\/span><\/div>\n          <div class=\"et_pb_image_wrap ribbon-icon-wrap\"><span class=\"et_pb_icon_wrap\"><span class=\"ribbon-icon ribbon-icon-circle\"><\/span><\/span><\/div>\n          <div class=\"dipi_timeline_item_card-wrap  need_animation\">\n            <div class=\"dipi_timeline_item_card\">\n              <div class=\"dipi_timeline_item_image\"><span class=\"et_pb_image_wrap\"><img decoding=\"async\" src=\"\" alt=\"&#8220;Deep\" class=\"et_multi_view_hidden_image\" \/><\/span><\/div>\n              <div class=\"dipi_timeline_item_content\">\n                <div class=\"dipi_timeline_ribbon\"><span class=\"dipi_timeline_ribbon_text\">&#8220;21.01.2025&#8243;<\/span><\/div>\n                <div class=\"dipi_timeline_item_content_text\">\n                  <h4 class=\"dipi_timeline_item_header\"><span>&#8220;100<\/span><\/h4>\n                  \n                <\/div>\n                \n              <\/div> <!-- .dipi_timeline_item_content -->\n            <\/div> <!-- .dipi_timeline_item_card -->\n          <\/div>\n        <\/div>\n      <\/div>\n\t\t\n\t\t\t\t<\/div>\n\t\t\t<\/div><\/p>","protected":false},"author":2,"featured_media":0,"parent":0,"menu_order":0,"comment_status":"closed","ping_status":"closed","template":"","meta":{"_et_pb_use_builder":"on","_et_pb_old_content":"","_et_gb_content_width":"","footnotes":""},"dipi_cpt_category":[],"class_list":["post-766","page","type-page","status-publish","hentry"],"yoast_head":"<!-- This site is optimized with the Yoast SEO plugin v22.2 - https:\/\/yoast.com\/wordpress\/plugins\/seo\/ -->\n<title>Simon Neumann - switalski_berlin<\/title>\n<meta name=\"robots\" content=\"index, follow, max-snippet:-1, max-image-preview:large, max-video-preview:-1\" \/>\n<link rel=\"canonical\" href=\"https:\/\/switalski.berlin\/en\/simon-neumann\/\" \/>\n<meta property=\"og:locale\" content=\"en_GB\" \/>\n<meta property=\"og:type\" content=\"article\" \/>\n<meta property=\"og:title\" content=\"Simon Neumann - switalski_berlin\" \/>\n<meta property=\"og:description\" content=\"Simon Neumann\" \/>\n<meta property=\"og:url\" content=\"https:\/\/switalski.berlin\/en\/simon-neumann\/\" \/>\n<meta property=\"og:site_name\" content=\"switalski_berlin\" \/>\n<meta property=\"article:modified_time\" content=\"2025-02-17T09:16:31+00:00\" \/>\n<meta name=\"twitter:card\" content=\"summary_large_image\" \/>\n<meta name=\"twitter:label1\" content=\"Estimated reading time\" \/>\n\t<meta name=\"twitter:data1\" content=\"2 minutes\" \/>\n<script type=\"application\/ld+json\" class=\"yoast-schema-graph\">{\"@context\":\"https:\/\/schema.org\",\"@graph\":[{\"@type\":\"WebPage\",\"@id\":\"https:\/\/switalski.berlin\/simon-neumann\",\"url\":\"https:\/\/switalski.berlin\/simon-neumann\",\"name\":\"Simon Neumann - switalski_berlin\",\"isPartOf\":{\"@id\":\"https:\/\/switalski.berlin\/#website\"},\"datePublished\":\"2025-02-17T08:54:41+00:00\",\"dateModified\":\"2025-02-17T09:16:31+00:00\",\"breadcrumb\":{\"@id\":\"https:\/\/switalski.berlin\/simon-neumann#breadcrumb\"},\"inLanguage\":\"en-GB\",\"potentialAction\":[{\"@type\":\"ReadAction\",\"target\":[\"https:\/\/switalski.berlin\/simon-neumann\"]}]},{\"@type\":\"BreadcrumbList\",\"@id\":\"https:\/\/switalski.berlin\/simon-neumann#breadcrumb\",\"itemListElement\":[{\"@type\":\"ListItem\",\"position\":1,\"name\":\"Home\",\"item\":\"https:\/\/switalski.berlin\/\"},{\"@type\":\"ListItem\",\"position\":2,\"name\":\"Simon Neumann\"}]},{\"@type\":\"WebSite\",\"@id\":\"https:\/\/switalski.berlin\/#website\",\"url\":\"https:\/\/switalski.berlin\/\",\"name\":\"switalski_berlin\",\"description\":\"Agentur f\u00fcr Erlesenes\",\"publisher\":{\"@id\":\"https:\/\/switalski.berlin\/#organization\"},\"potentialAction\":[{\"@type\":\"SearchAction\",\"target\":{\"@type\":\"EntryPoint\",\"urlTemplate\":\"https:\/\/switalski.berlin\/?s={search_term_string}\"},\"query-input\":\"required name=search_term_string\"}],\"inLanguage\":\"en-GB\"},{\"@type\":\"Organization\",\"@id\":\"https:\/\/switalski.berlin\/#organization\",\"name\":\"switalski_berlin\",\"url\":\"https:\/\/switalski.berlin\/\",\"logo\":{\"@type\":\"ImageObject\",\"inLanguage\":\"en-GB\",\"@id\":\"https:\/\/switalski.berlin\/#\/schema\/logo\/image\/\",\"url\":\"http:\/\/switalski.berlin\/wp-content\/uploads\/2023\/07\/SWITALSKI.berlin-1.png\",\"contentUrl\":\"http:\/\/switalski.berlin\/wp-content\/uploads\/2023\/07\/SWITALSKI.berlin-1.png\",\"width\":4236,\"height\":405,\"caption\":\"switalski_berlin\"},\"image\":{\"@id\":\"https:\/\/switalski.berlin\/#\/schema\/logo\/image\/\"}}]}<\/script>\n<!-- \/ Yoast SEO plugin. -->","yoast_head_json":{"title":"Simon Neumann - switalski_berlin","robots":{"index":"index","follow":"follow","max-snippet":"max-snippet:-1","max-image-preview":"max-image-preview:large","max-video-preview":"max-video-preview:-1"},"canonical":"https:\/\/switalski.berlin\/en\/simon-neumann\/","og_locale":"en_GB","og_type":"article","og_title":"Simon Neumann - switalski_berlin","og_description":"Simon Neumann","og_url":"https:\/\/switalski.berlin\/en\/simon-neumann\/","og_site_name":"switalski_berlin","article_modified_time":"2025-02-17T09:16:31+00:00","twitter_card":"summary_large_image","twitter_misc":{"Estimated reading time":"2 minutes"},"schema":{"@context":"https:\/\/schema.org","@graph":[{"@type":"WebPage","@id":"https:\/\/switalski.berlin\/simon-neumann","url":"https:\/\/switalski.berlin\/simon-neumann","name":"Simon Neumann - switalski_berlin","isPartOf":{"@id":"https:\/\/switalski.berlin\/#website"},"datePublished":"2025-02-17T08:54:41+00:00","dateModified":"2025-02-17T09:16:31+00:00","breadcrumb":{"@id":"https:\/\/switalski.berlin\/simon-neumann#breadcrumb"},"inLanguage":"en-GB","potentialAction":[{"@type":"ReadAction","target":["https:\/\/switalski.berlin\/simon-neumann"]}]},{"@type":"BreadcrumbList","@id":"https:\/\/switalski.berlin\/simon-neumann#breadcrumb","itemListElement":[{"@type":"ListItem","position":1,"name":"Home","item":"https:\/\/switalski.berlin\/"},{"@type":"ListItem","position":2,"name":"Simon Neumann"}]},{"@type":"WebSite","@id":"https:\/\/switalski.berlin\/#website","url":"https:\/\/switalski.berlin\/","name":"switalski_berlin","description":"Agentur f\u00fcr Erlesenes","publisher":{"@id":"https:\/\/switalski.berlin\/#organization"},"potentialAction":[{"@type":"SearchAction","target":{"@type":"EntryPoint","urlTemplate":"https:\/\/switalski.berlin\/?s={search_term_string}"},"query-input":"required name=search_term_string"}],"inLanguage":"en-GB"},{"@type":"Organization","@id":"https:\/\/switalski.berlin\/#organization","name":"switalski_berlin","url":"https:\/\/switalski.berlin\/","logo":{"@type":"ImageObject","inLanguage":"en-GB","@id":"https:\/\/switalski.berlin\/#\/schema\/logo\/image\/","url":"http:\/\/switalski.berlin\/wp-content\/uploads\/2023\/07\/SWITALSKI.berlin-1.png","contentUrl":"http:\/\/switalski.berlin\/wp-content\/uploads\/2023\/07\/SWITALSKI.berlin-1.png","width":4236,"height":405,"caption":"switalski_berlin"},"image":{"@id":"https:\/\/switalski.berlin\/#\/schema\/logo\/image\/"}}]}},"_links":{"self":[{"href":"https:\/\/switalski.berlin\/en\/wp-json\/wp\/v2\/pages\/766","targetHints":{"allow":["GET"]}}],"collection":[{"href":"https:\/\/switalski.berlin\/en\/wp-json\/wp\/v2\/pages"}],"about":[{"href":"https:\/\/switalski.berlin\/en\/wp-json\/wp\/v2\/types\/page"}],"author":[{"embeddable":true,"href":"https:\/\/switalski.berlin\/en\/wp-json\/wp\/v2\/users\/2"}],"replies":[{"embeddable":true,"href":"https:\/\/switalski.berlin\/en\/wp-json\/wp\/v2\/comments?post=766"}],"version-history":[{"count":5,"href":"https:\/\/switalski.berlin\/en\/wp-json\/wp\/v2\/pages\/766\/revisions"}],"predecessor-version":[{"id":774,"href":"https:\/\/switalski.berlin\/en\/wp-json\/wp\/v2\/pages\/766\/revisions\/774"}],"wp:attachment":[{"href":"https:\/\/switalski.berlin\/en\/wp-json\/wp\/v2\/media?parent=766"}],"wp:term":[{"taxonomy":"dipi_cpt_category","embeddable":true,"href":"https:\/\/switalski.berlin\/en\/wp-json\/wp\/v2\/dipi_cpt_category?post=766"}],"curies":[{"name":"wp","href":"https:\/\/api.w.org\/{rel}","templated":true}]}}